{"id":167,"date":"2018-09-14T18:54:50","date_gmt":"2018-09-14T21:54:50","guid":{"rendered":"http:\/\/ruben.toriel.com.ar\/wp\/?page_id=167"},"modified":"2025-07-16T10:07:04","modified_gmt":"2025-07-16T13:07:04","slug":"objetivo","status":"publish","type":"page","link":"https:\/\/ruben.toriel.com.ar\/?page_id=167","title":{"rendered":"Acerca m\u00edo"},"content":{"rendered":"<ul>\n<li style=\"list-style-type: none;\">\n<ul>\n<li>Soy un profesional argentino con m\u00e1s de 30 a\u00f1os de experiencia en tecnolog\u00edas de la informaci\u00f3n, infraestructura IT y ciberseguridad.<\/li>\n<\/ul>\n<\/li>\n<\/ul>\n<p>&nbsp;<\/p>\n<ul>\n<li style=\"list-style-type: none;\">\n<ul>\n<li>A lo largo de mi carrera he liderado equipos y proyectos en organismos p\u00fablicos, empresas multinacionales y startups, especializ\u00e1ndome en la gesti\u00f3n de redes, virtualizaci\u00f3n, soluciones open source y transformaci\u00f3n digital.<\/li>\n<\/ul>\n<\/li>\n<\/ul>\n<p>&nbsp;<\/p>\n<ul>\n<li style=\"list-style-type: none;\">\n<ul>\n<li>Mi enfoque se basa en la mejora continua, la innovaci\u00f3n tecnol\u00f3gica y la formaci\u00f3n de equipos de alto rendimiento. Disfruto compartir conocimientos y acompa\u00f1ar el desarrollo de talento, combinando visi\u00f3n estrat\u00e9gica con s\u00f3lida experiencia t\u00e9cnica.<\/li>\n<\/ul>\n<\/li>\n<\/ul>\n<p>&nbsp;<\/p>\n<ul>\n<li style=\"list-style-type: none;\">\n<ul>\n<li>Creo en el poder de la colaboraci\u00f3n, la \u00e9tica profesional y la capacidad de adaptarse a los desaf\u00edos que plantea un mundo digital en constante evoluci\u00f3n. Siempre busco sumar valor a trav\u00e9s de soluciones seguras, eficientes y escalables, integrando la tecnolog\u00eda con los objetivos de negocio.<\/li>\n<\/ul>\n<\/li>\n<\/ul>\n","protected":false},"excerpt":{"rendered":"<p>Soy un profesional argentino con m\u00e1s de 30 a\u00f1os de experiencia en tecnolog\u00edas de la informaci\u00f3n, infraestructura IT y ciberseguridad. &nbsp; A lo largo de mi carrera he liderado equipos y proyectos en organismos p\u00fablicos, empresas multinacionales y startups, especializ\u00e1ndome en la gesti\u00f3n de redes, virtualizaci\u00f3n, soluciones open source y transformaci\u00f3n digital. &nbsp; Mi enfoque [&hellip;]<\/p>\n","protected":false},"author":2,"featured_media":0,"parent":0,"menu_order":0,"comment_status":"closed","ping_status":"closed","template":"","meta":{"footnotes":""},"class_list":["post-167","page","type-page","status-publish","hentry","entry"],"_links":{"self":[{"href":"https:\/\/ruben.toriel.com.ar\/index.php?rest_route=\/wp\/v2\/pages\/167","targetHints":{"allow":["GET"]}}],"collection":[{"href":"https:\/\/ruben.toriel.com.ar\/index.php?rest_route=\/wp\/v2\/pages"}],"about":[{"href":"https:\/\/ruben.toriel.com.ar\/index.php?rest_route=\/wp\/v2\/types\/page"}],"author":[{"embeddable":true,"href":"https:\/\/ruben.toriel.com.ar\/index.php?rest_route=\/wp\/v2\/users\/2"}],"replies":[{"embeddable":true,"href":"https:\/\/ruben.toriel.com.ar\/index.php?rest_route=%2Fwp%2Fv2%2Fcomments&post=167"}],"version-history":[{"count":10,"href":"https:\/\/ruben.toriel.com.ar\/index.php?rest_route=\/wp\/v2\/pages\/167\/revisions"}],"predecessor-version":[{"id":427,"href":"https:\/\/ruben.toriel.com.ar\/index.php?rest_route=\/wp\/v2\/pages\/167\/revisions\/427"}],"wp:attachment":[{"href":"https:\/\/ruben.toriel.com.ar\/index.php?rest_route=%2Fwp%2Fv2%2Fmedia&parent=167"}],"curies":[{"name":"wp","href":"https:\/\/api.w.org\/{rel}","templated":true}]}}