{"id":240,"date":"2019-09-18T16:50:05","date_gmt":"2019-09-18T19:50:05","guid":{"rendered":"http:\/\/ruben.toriel.com.ar\/wp\/?page_id=240"},"modified":"2025-07-23T14:13:11","modified_gmt":"2025-07-23T17:13:11","slug":"proyectos-propios","status":"publish","type":"page","link":"https:\/\/ruben.toriel.com.ar\/?page_id=240","title":{"rendered":"Proyectos propios"},"content":{"rendered":"<p><strong>Presente<\/strong> | <strong>Freelance<\/strong><br \/>\nRealizando tareas freelance como Consultor IT en seguridad perimetral e infraestructura, para diferentes clientes, del rubro de la salud, gastron\u00f3micos, laboratorios, y droguer\u00edas.<\/p>\n<p><strong>10.2019 &#8211; 01.2022<\/strong> | <strong>Untangle LATAM<\/strong><br \/>\n<strong>Partner autorizado<br \/>\n<\/strong>Consultor en plataforma de firewall Untangle. Implementaciones. Migraciones. Administraci\u00f3n. Troubleshooting. Planes de salud.<\/p>\n<p><strong>01.2019 &#8211; 01.2022<\/strong>\u00a0| <strong>SAR Drones Argentina<\/strong><br \/>\n<b>Comisi\u00f3n directiva &#8211; Socio Fundador<\/b><br \/>\nFundador y coordinador del primer grupo de b\u00fasqueda con drones, generando y dando soporte a los medios tecnol\u00f3gicos conjuntamente con la co-coordinaci\u00f3n de capacitaciones relacionadas a los miembros voluntarios.<\/p>\n<p><strong>01.2019 &#8211;\u00a0 01.2022<\/strong> | <strong>Udemy<\/strong><br \/>\n<strong>Instructor independiente<br \/>\n<\/strong>Instructor independiente generando y dictando cursos de capacitaci\u00f3n para la herramienta de Firewall pfSense.<\/p>\n<p><strong>01.2019 &#8211; 05.2020<\/strong> | <strong>SkyDrone UAV Services<\/strong><br \/>\n<strong>Socio Fundador<br \/>\n<\/strong>Emprendimiento de pilotaje de Drones (Veh\u00ed\u00adculos A\u00e9reos no Tripulados VANTs).<br \/>\nCoordinaci\u00c3\u00b3n de tareas y soporte tecnol\u00f3gico del proyecto.<br \/>\nRealizando todo tipo de filmaciones y fotograf\u00ed\u00adas a\u00e9reas.<br \/>\nSeguimientos de obras.<br \/>\nVideos Institucionales.<br \/>\nInmobiliarias.<br \/>\nEventos Deportivos.<br \/>\nSeguridad.<br \/>\nRelevamientos en general.<\/p>\n<p><strong>01.2017 &#8211; 01.2022<\/strong> | <strong>Mr Droneable<\/strong><br \/>\n<strong>Socio Fundador<br \/>\n<\/strong>Emprendimiento de pilotaje de Drones (Veh\u00ed\u00adculos A\u00e9reos no Tripulados VANTs).<br \/>\nMiembro del primer Grupo SAR de b\u00fasqueda y rescate con Drones en Argentina.<br \/>\nCoordinaci\u00f3n de tareas y soporte tecnol\u00c3\u00b3gico del proyecto.<br \/>\nRealizando todo tipo de filmaciones y fotograf\u00ed\u00adas a\u00e9reas.<br \/>\nSeguimientos de obras.<br \/>\nVideos Institucionales.<br \/>\nInmobiliarias.<br \/>\nEventos Deportivos.<br \/>\nSeguridad.<br \/>\nRelevamientos en general.<\/p>\n<p><strong>06.2016 &#8211; Presente<\/strong> | <strong>pfSense LATAM<\/strong><br \/>\n<strong>Partner autorizado<br \/>\n<\/strong>Consultor\u00ed\u00ada en plataforma de firewall pfSense. Implementaciones. Migraciones. Administraci\u00f3n. Troubleshooting. Planes de salud. Venta de appliances.<\/p>\n<p><strong>01.2016 &#8211; 05.2020<\/strong> | <strong>T&amp;M French Toast &#8211; Food Truck<\/strong><br \/>\n<strong>Socio fundador<br \/>\n<\/strong>Soporte tecnol\u00f3gico del proyecto, conjuntamente con la provisi\u00f3n de toda la log\u00ed\u00adstica para la presencia en eventos gastron\u00f3micos al aire libre, costos y adquisici\u00f3n de materia prima.<\/p>\n","protected":false},"excerpt":{"rendered":"<p>Presente | Freelance Realizando tareas freelance como Consultor IT en seguridad perimetral e infraestructura, para diferentes clientes, del rubro de la salud, gastron\u00f3micos, laboratorios, y droguer\u00edas. 10.2019 &#8211; 01.2022 | Untangle LATAM Partner autorizado Consultor en plataforma de firewall Untangle. Implementaciones. Migraciones. Administraci\u00f3n. Troubleshooting. Planes de salud. 01.2019 &#8211; 01.2022\u00a0| SAR Drones Argentina Comisi\u00f3n directiva [&hellip;]<\/p>\n","protected":false},"author":2,"featured_media":0,"parent":0,"menu_order":0,"comment_status":"closed","ping_status":"closed","template":"","meta":{"footnotes":""},"class_list":["post-240","page","type-page","status-publish","hentry","entry"],"_links":{"self":[{"href":"https:\/\/ruben.toriel.com.ar\/index.php?rest_route=\/wp\/v2\/pages\/240","targetHints":{"allow":["GET"]}}],"collection":[{"href":"https:\/\/ruben.toriel.com.ar\/index.php?rest_route=\/wp\/v2\/pages"}],"about":[{"href":"https:\/\/ruben.toriel.com.ar\/index.php?rest_route=\/wp\/v2\/types\/page"}],"author":[{"embeddable":true,"href":"https:\/\/ruben.toriel.com.ar\/index.php?rest_route=\/wp\/v2\/users\/2"}],"replies":[{"embeddable":true,"href":"https:\/\/ruben.toriel.com.ar\/index.php?rest_route=%2Fwp%2Fv2%2Fcomments&post=240"}],"version-history":[{"count":11,"href":"https:\/\/ruben.toriel.com.ar\/index.php?rest_route=\/wp\/v2\/pages\/240\/revisions"}],"predecessor-version":[{"id":462,"href":"https:\/\/ruben.toriel.com.ar\/index.php?rest_route=\/wp\/v2\/pages\/240\/revisions\/462"}],"wp:attachment":[{"href":"https:\/\/ruben.toriel.com.ar\/index.php?rest_route=%2Fwp%2Fv2%2Fmedia&parent=240"}],"curies":[{"name":"wp","href":"https:\/\/api.w.org\/{rel}","templated":true}]}}