{"id":51,"date":"2018-08-10T08:26:16","date_gmt":"2018-08-10T11:26:16","guid":{"rendered":"http:\/\/ruben.toriel.com.ar\/?page_id=51"},"modified":"2025-07-29T10:04:08","modified_gmt":"2025-07-29T13:04:08","slug":"principal","status":"publish","type":"page","link":"https:\/\/ruben.toriel.com.ar\/","title":{"rendered":"Principal"},"content":{"rendered":"<h2>Hola, \u00bfqu\u00e9 tal? Ingresaste a mi curr\u00edculum online. Desde aqu\u00ed\u00ad podr\u00e1s ver toda mi experiencia laboral, formaci\u00f3n acad\u00e9mica y v\u00ed\u00adas de contacto.<\/h2>\n<h4 style=\"text-align: center;\">Te invito a que me conozcas mejor.<\/h4>\n<p>Haciendo <a href=\"http:\/\/ruben.toriel.com.ar\/?page_id=287\"><em>clic aqui\u00ad<\/em><\/a> podr\u00e1s obtener un peque\u00f1o resumen de mi vida profesional.<br \/>\nSi prefer\u00ed\u00ads <a href=\"https:\/\/ruben.toriel.com.ar\/?page_id=80\"><em>ver mi curriculum en formato cl\u00e1sico<\/em><\/a>, se encuentra disponible en el men\u00fa superior de la pantalla en la pesta\u00f1a <a href=\"https:\/\/ruben.toriel.com.ar\/?page_id=80\"><em>Experiencia<\/em><\/a>.<br \/>\nTambi\u00e9n podr\u00e1s <a href=\"https:\/\/ruben.toriel.com.ar\/wp-content\/uploads\/2025\/07\/Resume-Ruben-Toriel-Short.pdf\"><em>descargarlo en formato PDF<\/em><\/a> desde la pesta\u00f1a Contacto.<\/p>\n<pre style=\"text-align: center;\">M\u00e1s de 30 a\u00f1os de experiencia a tu disposici\u00f3n.<\/pre>\n","protected":false},"excerpt":{"rendered":"<p>Hola, \u00bfqu\u00e9 tal? Ingresaste a mi curr\u00edculum online. Desde aqu\u00ed\u00ad podr\u00e1s ver toda mi experiencia laboral, formaci\u00f3n acad\u00e9mica y v\u00ed\u00adas de contacto. Te invito a que me conozcas mejor. Haciendo clic aqui\u00ad podr\u00e1s obtener un peque\u00f1o resumen de mi vida profesional. Si prefer\u00ed\u00ads ver mi curriculum en formato cl\u00e1sico, se encuentra disponible en el men\u00fa [&hellip;]<\/p>\n","protected":false},"author":1,"featured_media":0,"parent":0,"menu_order":0,"comment_status":"closed","ping_status":"closed","template":"","meta":{"footnotes":""},"class_list":["post-51","page","type-page","status-publish","hentry","entry"],"_links":{"self":[{"href":"https:\/\/ruben.toriel.com.ar\/index.php?rest_route=\/wp\/v2\/pages\/51","targetHints":{"allow":["GET"]}}],"collection":[{"href":"https:\/\/ruben.toriel.com.ar\/index.php?rest_route=\/wp\/v2\/pages"}],"about":[{"href":"https:\/\/ruben.toriel.com.ar\/index.php?rest_route=\/wp\/v2\/types\/page"}],"author":[{"embeddable":true,"href":"https:\/\/ruben.toriel.com.ar\/index.php?rest_route=\/wp\/v2\/users\/1"}],"replies":[{"embeddable":true,"href":"https:\/\/ruben.toriel.com.ar\/index.php?rest_route=%2Fwp%2Fv2%2Fcomments&post=51"}],"version-history":[{"count":24,"href":"https:\/\/ruben.toriel.com.ar\/index.php?rest_route=\/wp\/v2\/pages\/51\/revisions"}],"predecessor-version":[{"id":481,"href":"https:\/\/ruben.toriel.com.ar\/index.php?rest_route=\/wp\/v2\/pages\/51\/revisions\/481"}],"wp:attachment":[{"href":"https:\/\/ruben.toriel.com.ar\/index.php?rest_route=%2Fwp%2Fv2%2Fmedia&parent=51"}],"curies":[{"name":"wp","href":"https:\/\/api.w.org\/{rel}","templated":true}]}}