{"id":72,"date":"2018-08-10T08:36:09","date_gmt":"2018-08-10T11:36:09","guid":{"rendered":"http:\/\/ruben.toriel.com.ar\/?page_id=72"},"modified":"2025-07-23T14:20:14","modified_gmt":"2025-07-23T17:20:14","slug":"certificaciones","status":"publish","type":"page","link":"https:\/\/ruben.toriel.com.ar\/?page_id=72","title":{"rendered":"Certificaciones"},"content":{"rendered":"<h3 style=\"text-align: center;\"><strong>Haciendo clic en el t\u00ed\u00adtulo de cada certificado, podr\u00e1s acceder a una imagen del mismo.<\/strong><\/h3>\n<p><strong>2020 | INAP Ley Micaela<\/strong><br \/>\n&#8211;<\/p>\n<p><strong>2020 | Udemy Aprende SQL Developer, b\u00e1sico en 30 min<\/strong><br \/>\n&#8211;<\/p>\n<p><strong>2020 | Udemy Curso b\u00e1sico de AWS, Aprende desde cero<\/strong><br \/>\n&#8211;<\/p>\n<p><b>2020 | Udemy Cyberseguridad en l\u00ed\u00adnea<\/b><br \/>\n&#8211;<\/p>\n<p><strong>2020 | IT College AWS Discovery Day<\/strong><br \/>\n&#8211;<\/p>\n<p><strong>2020 | Red Hat Training + Certification<\/strong><br \/>\n&#8211; <a href=\"https:\/\/rol.redhat.com\/rol\/api\/certificates\/attendance\/uuid\/77cfa4d2-cf40-4392-b7c6-52ef329016dd\" target=\"_blank\" rel=\"noopener noreferrer\">Red Hat System Administration II (RH124)<\/a>.<\/p>\n<p><strong>2020 | Red Hat Training + Certification<\/strong><br \/>\n&#8211; <a href=\"https:\/\/rol.redhat.com\/rol\/api\/certificates\/attendance\/uuid\/77cfa4d2-cf40-4392-b7c6-52ef329016dd\" target=\"_blank\" rel=\"noopener noreferrer\">Red Hat System Administration I (RH124)<\/a>.<\/p>\n<p><strong>2019 | Ekoparty Security Conference<\/strong><br \/>\n&#8211; <a href=\"http:\/\/ruben.toriel.com.ar\/wp\/wp-content\/uploads\/2019\/09\/2019-09-24_193620.jpg\" target=\"_blank\" rel=\"noopener noreferrer\">Introduction To Software Vulnerability Exploitation<\/a>.<\/p>\n<p><strong>2019 | Bomberos Voluntarios de Benavidez<\/strong><br \/>\n&#8211; <a href=\"http:\/\/ruben.toriel.com.ar\/wp\/wp-content\/uploads\/2019\/09\/ext-2.jpg\" target=\"_blank\" rel=\"noopener noreferrer\">Resucitaci\u00f3n Cardio Pulmonar<\/a>.<\/p>\n<p><strong>2019 | Bomberos Voluntarios de Benavidez<\/strong><br \/>\n&#8211; <a href=\"http:\/\/ruben.toriel.com.ar\/wp\/wp-content\/uploads\/2019\/09\/ext-1.jpg\" target=\"_blank\" rel=\"noopener noreferrer\">RIT y normativas de auto rescate<\/a>.<\/p>\n<p><strong>2018 | Universidad Tecnol\u00f3gica Nacional<\/strong><br \/>\n&#8211; <a href=\"http:\/\/ruben.toriel.com.ar\/wp\/wp-content\/uploads\/2019\/09\/ext.jpg\" target=\"_blank\" rel=\"noopener noreferrer\">Scrum Master<\/a>.<\/p>\n<p><strong>2018<\/strong> | <strong>Subsecretaria de trabajo del Gobierno de la Ciudad de Buenos Aires<\/strong><br \/>\n&#8211; Programa de Experiencia Activa (PAE).<\/p>\n<p><strong>2016<\/strong> | <strong>pfSense &#8211; Rubicon Communications, LLC<\/strong><br \/>\n&#8211; pfSense Supplementals I.<\/p>\n<p><strong>2015<\/strong> | <strong>pfSense &#8211; Rubicon Communications, LLC<\/strong><br \/>\n&#8211; <a href=\"http:\/\/ruben.toriel.com.ar\/wp\/wp-content\/uploads\/2019\/09\/ext-3.jpg\" target=\"_blank\" rel=\"noopener noreferrer\">pfSense Fundamentals and Advanced Application<\/a>.<\/p>\n<p><strong>2013<\/strong> | <strong>Microsoft<\/strong><br \/>\n&#8211; <a href=\"http:\/\/ruben.toriel.com.ar\/wp\/wp-content\/uploads\/2019\/09\/ext-4.jpg\" target=\"_blank\" rel=\"noopener noreferrer\">Managing and Supporting a Windows Server 2008 R2 Active Directory Certificate Services (ADCD)<\/a>.<\/p>\n<p><strong>2012<\/strong> | <strong>Jefatura de Gabinete de Ministros Presidencia de la Naci\u00c3\u00b3n<br \/>\n<\/strong>&#8211; <a href=\"http:\/\/ruben.toriel.com.ar\/wp\/wp-content\/uploads\/2019\/09\/ext-7.jpg\" target=\"_blank\" rel=\"noopener noreferrer\">Jornadas de Agenda Digital<\/a>.<\/p>\n<p><strong>2012<\/strong> | <strong>Microsoft<br \/>\n<\/strong>&#8211; <a href=\"http:\/\/ruben.toriel.com.ar\/wp\/wp-content\/uploads\/2019\/09\/ext-6.jpg\" target=\"_blank\" rel=\"noopener noreferrer\">Implementing ForeFront Threat Management Gateway 2010<\/a>. License 50357B.<br \/>\n&#8211; <a href=\"http:\/\/ruben.toriel.com.ar\/wp\/wp-content\/uploads\/2019\/09\/ext-5.jpg\" target=\"_blank\" rel=\"noopener noreferrer\">Deploying, Configuring, and Administering Microsoft Lync Server<\/a>. License 10533A.<\/p>\n<p><strong>2005<\/strong> | <strong>Linux College<\/strong><br \/>\n&#8211; Administrador Debian Linux.<\/p>\n","protected":false},"excerpt":{"rendered":"<p>Haciendo clic en el t\u00ed\u00adtulo de cada certificado, podr\u00e1s acceder a una imagen del mismo. 2020 | INAP Ley Micaela &#8211; 2020 | Udemy Aprende SQL Developer, b\u00e1sico en 30 min &#8211; 2020 | Udemy Curso b\u00e1sico de AWS, Aprende desde cero &#8211; 2020 | Udemy Cyberseguridad en l\u00ed\u00adnea &#8211; 2020 | IT College AWS [&hellip;]<\/p>\n","protected":false},"author":1,"featured_media":0,"parent":0,"menu_order":0,"comment_status":"closed","ping_status":"closed","template":"","meta":{"footnotes":""},"class_list":["post-72","page","type-page","status-publish","hentry","entry"],"_links":{"self":[{"href":"https:\/\/ruben.toriel.com.ar\/index.php?rest_route=\/wp\/v2\/pages\/72","targetHints":{"allow":["GET"]}}],"collection":[{"href":"https:\/\/ruben.toriel.com.ar\/index.php?rest_route=\/wp\/v2\/pages"}],"about":[{"href":"https:\/\/ruben.toriel.com.ar\/index.php?rest_route=\/wp\/v2\/types\/page"}],"author":[{"embeddable":true,"href":"https:\/\/ruben.toriel.com.ar\/index.php?rest_route=\/wp\/v2\/users\/1"}],"replies":[{"embeddable":true,"href":"https:\/\/ruben.toriel.com.ar\/index.php?rest_route=%2Fwp%2Fv2%2Fcomments&post=72"}],"version-history":[{"count":27,"href":"https:\/\/ruben.toriel.com.ar\/index.php?rest_route=\/wp\/v2\/pages\/72\/revisions"}],"predecessor-version":[{"id":467,"href":"https:\/\/ruben.toriel.com.ar\/index.php?rest_route=\/wp\/v2\/pages\/72\/revisions\/467"}],"wp:attachment":[{"href":"https:\/\/ruben.toriel.com.ar\/index.php?rest_route=%2Fwp%2Fv2%2Fmedia&parent=72"}],"curies":[{"name":"wp","href":"https:\/\/api.w.org\/{rel}","templated":true}]}}