{"id":75,"date":"2018-08-10T08:38:06","date_gmt":"2018-08-10T11:38:06","guid":{"rendered":"http:\/\/ruben.toriel.com.ar\/?page_id=75"},"modified":"2025-07-23T14:24:06","modified_gmt":"2025-07-23T17:24:06","slug":"expertise","status":"publish","type":"page","link":"https:\/\/ruben.toriel.com.ar\/?page_id=75","title":{"rendered":"Expertise"},"content":{"rendered":"<ul>\n<li>Gestion de equipos de IT, (desarrollo, infraestructura, soporte, operaciones, cybersecurity)<\/li>\n<li>Implementaci\u00f3n de servicios de infraestructura.<\/li>\n<li>Coordinador de migraciones.<\/li>\n<li>An\u00e1lisis de costos.<\/li>\n<li>Responsable de datacenter.<\/li>\n<li>Dise\u00f1o e implementaci\u00f3n de soluciones de Networking.<\/li>\n<li>Definici\u00f3n de arquitecturas.<\/li>\n<li>Definici\u00f3n de pol\u00ed\u00adticas de acceso.<\/li>\n<li>Reducci\u00f3n de riesgos ante virus y malware.<\/li>\n<li>Administraci\u00f3n de servicios core.<\/li>\n<li>Definici\u00f3n de pol\u00ed\u00adticas de backup\/recuperaci\u00f3n y en situaciones de disaster recovery.<\/li>\n<li>Asesor\u00eda en seguridad para otras \u00e1reas de la organizaci\u00f3n.<\/li>\n<li>Coordinador de administradores y soporte de todos los niveles.<\/li>\n<li>Dise\u00f1o de seguridad global.<\/li>\n<\/ul>\n","protected":false},"excerpt":{"rendered":"<p>Gestion de equipos de IT, (desarrollo, infraestructura, soporte, operaciones, cybersecurity) Implementaci\u00f3n de servicios de infraestructura. Coordinador de migraciones. An\u00e1lisis de costos. Responsable de datacenter. Dise\u00f1o e implementaci\u00f3n de soluciones de Networking. Definici\u00f3n de arquitecturas. Definici\u00f3n de pol\u00ed\u00adticas de acceso. Reducci\u00f3n de riesgos ante virus y malware. Administraci\u00f3n de servicios core. Definici\u00f3n de pol\u00ed\u00adticas de backup\/recuperaci\u00f3n [&hellip;]<\/p>\n","protected":false},"author":1,"featured_media":0,"parent":0,"menu_order":0,"comment_status":"closed","ping_status":"closed","template":"","meta":{"footnotes":""},"class_list":["post-75","page","type-page","status-publish","hentry","entry"],"_links":{"self":[{"href":"https:\/\/ruben.toriel.com.ar\/index.php?rest_route=\/wp\/v2\/pages\/75","targetHints":{"allow":["GET"]}}],"collection":[{"href":"https:\/\/ruben.toriel.com.ar\/index.php?rest_route=\/wp\/v2\/pages"}],"about":[{"href":"https:\/\/ruben.toriel.com.ar\/index.php?rest_route=\/wp\/v2\/types\/page"}],"author":[{"embeddable":true,"href":"https:\/\/ruben.toriel.com.ar\/index.php?rest_route=\/wp\/v2\/users\/1"}],"replies":[{"embeddable":true,"href":"https:\/\/ruben.toriel.com.ar\/index.php?rest_route=%2Fwp%2Fv2%2Fcomments&post=75"}],"version-history":[{"count":7,"href":"https:\/\/ruben.toriel.com.ar\/index.php?rest_route=\/wp\/v2\/pages\/75\/revisions"}],"predecessor-version":[{"id":469,"href":"https:\/\/ruben.toriel.com.ar\/index.php?rest_route=\/wp\/v2\/pages\/75\/revisions\/469"}],"wp:attachment":[{"href":"https:\/\/ruben.toriel.com.ar\/index.php?rest_route=%2Fwp%2Fv2%2Fmedia&parent=75"}],"curies":[{"name":"wp","href":"https:\/\/api.w.org\/{rel}","templated":true}]}}