{"id":80,"date":"2018-08-10T08:40:57","date_gmt":"2018-08-10T11:40:57","guid":{"rendered":"http:\/\/ruben.toriel.com.ar\/?page_id=80"},"modified":"2025-07-29T10:06:37","modified_gmt":"2025-07-29T13:06:37","slug":"experiencia","status":"publish","type":"page","link":"https:\/\/ruben.toriel.com.ar\/?page_id=80","title":{"rendered":"Experiencia"},"content":{"rendered":"<p><strong>Administraci\u00f3n Nacional de Aviaci\u00f3n Civil (<\/strong><em>Gobierno<\/em><strong>)<br \/>\nBuenos Aires, Argentina &#8211;<\/strong> 08.2024 \u2013 07.2025<strong><br \/>\n<\/strong><strong>Director de Sistemas y Comunicaciones<br \/>\n<\/strong><strong>Equipo a cargo:<\/strong> 30 personas<\/p>\n<p><strong>Tareas<\/strong>: Desarrollo de estrategias tecnol\u00f3gicas, gesti\u00f3n de infraestructura IT, seguridad de la informaci\u00f3n, gesti\u00f3n de proyectos, coordinaci\u00f3n de equipo de 30 personas, evaluaci\u00f3n de tecnolog\u00edas, relaciones con proveedores, administraci\u00f3n de presupuesto y cumplimiento normativo.<br \/>\n<strong>Logros<\/strong>: Implement\u00e9 digitalizaci\u00f3n completa de tr\u00e1mites ciudadanos cumpliendo normativas de des-papelizaci\u00f3n. Cre\u00e9 red extendida conectando 54 aeropuertos para control centralizado de activos digitales. Optimic\u00e9 estructura organizacional logrando 6 nuevas incorporaciones sin costo adicional para el estado. Modernic\u00e9 el sistema ITSM e implement\u00e9 normativas ITIL mejorando eficiencia operativa. Digitalic\u00e9 el inventario tecnol\u00f3gico del organismo.<br \/>\n<strong>Tecnolog\u00edas<\/strong>: Fortinet, VMWare ESXi, Linux, Switches Cisco, Dell, Servidores Dell, Lenovo y HP, GLPI, OCS Inventory<\/p>\n<h1><\/h1>\n<p><strong>Asociaci\u00f3n Escuelas Lincoln (<\/strong><em>Educaci\u00f3n<\/em><strong>)<br \/>\nBuenos Aires, Argentina &#8211;<\/strong> 01.2024 \u2013 07.2024<strong><br \/>\n<\/strong><strong>Responsable de Ciberseguridad y Redes<\/strong><\/p>\n<p><strong>Tareas<\/strong>: Gesti\u00f3n integral de seguridad perimetral l\u00f3gica y adminstraci\u00f3n de infraestructura de red en ambiente educativo con m\u00e1s de 500 usuarios (entre alumnos y profesores).<br \/>\n<strong>Logros<\/strong>: Estabilic\u00e9 el acceso wireless eliminando fallas recurrentes en 80%. Implement\u00e9 balanceo de carga y filtrado de contenidos estudiantiles. Desplegu\u00e9 el software de gesti\u00f3n de redes e inventario IT automatizado. Apliqu\u00e9 pol\u00edticas de patch management y seguridad perimetral avanzada, como tambi\u00e9n el software de gesti\u00f3n de switches y accespoints.<br \/>\n<strong>Tecnolog\u00edas<\/strong>: Fortinet, VMWare ESXi, MS Hyper-V, Linux, Switches Cisco, Dell, y Servidores Dell<\/p>\n<h1><\/h1>\n<p><strong>PwC Price Whitehouse Coopers (<\/strong><em>Contadur\u00eda<\/em><strong>)<br \/>\nBuenos Aires, Argentina<br \/>\n<\/strong><strong>Senior Soporte de Operaciones IT <\/strong>&#8211; 05.2023 \u2013 01.2024<\/p>\n<p><strong>Tareas<\/strong>: Supervisi\u00f3n de incidentes escalados de niveles 1-3 bajo framework ITIL v4, garantizando resoluci\u00f3n eficiente y comunicaci\u00f3n efectiva con stakeholders.<br \/>\n<strong>Logros<\/strong>: Reduje en un15% los tiempos de respuesta para incidentes cr\u00edticos.<br \/>\nOptimic\u00e9 procesos de escalamiento disminuyendo incidentes no-bugs e implement\u00e9 un seguimiento end-to-end mejorando satisfacci\u00f3n de usuarios internos.<br \/>\n<strong>Tecnolog\u00edas<\/strong>: Servicenow, Datadog, ITIL v4.<\/p>\n<h1><\/h1>\n<p><strong>Blockchain.com (<\/strong><em>Fintech<\/em><strong>)<br \/>\nLondres, Inglaterra<br \/>\n<\/strong><strong>Jefe de Infraestructura IT y Operaciones para Am\u00e9rica Latina &#8211; <\/strong>11.2021 \u2013 05.2023<br \/>\n<strong>Equipo a cargo:<\/strong> 3 personas<\/p>\n<p><strong>Tareas<\/strong>: Liderazgo de infraestructura IT regional para empresa fintech global, adaptando las oficinas LATAM a est\u00e1ndares internacionales de compliance, punto focal para todo LATAM con lo que respecta a cuestiones de Soporte a usuarios y consumo de servicios.<br \/>\n<strong>Logros<\/strong>: Alcanc\u00e9 el 100% de satisfacci\u00f3n en soporte interno (calificaci\u00f3n 5\/5). Adapt\u00e9 oficinas regionales a compliance IT global de la empresa.\u00a0Desarroll\u00e9 procesos y procedimientos mejorando resiliencia de infraestructura 20%.<br \/>\n<strong>Tecnolog\u00edas<\/strong>: Ubiquiti Unifi, Fortinet, pfSense, Switches Cisco, Jira, Google Workspace, AWS, GCP, O365.<\/p>\n<h1><\/h1>\n<p><strong>SeSocio S.A. PFC (<\/strong><em>Fintech<\/em><strong>)<br \/>\nBuenos Aires, Argentina<br \/>\n<\/strong><strong>Jefe de Infraestructura IT y Operaciones &#8211; <\/strong>01.2021 \u2013 01.2022<br \/>\n<strong>Equipo a cargo:<\/strong> 2 personas<\/p>\n<p><strong>Tareas<\/strong>: Liderazgo en la migraci\u00f3n cloud y gesti\u00f3n de plataformas corporativas en ambiente fintech con sistemas mixtos Linux y Windows.<br \/>\n<strong>Logros<\/strong>: Migr\u00e9 servicios completos de Heroku a AWS optimizando costos 15%. Implement\u00e9 la infraestructura de AWS (AIM, EC2, RDS, EKS, S3, VPC, AIM, y security groups). Configur\u00e9 el firewall pfSense e interconexiones de VPNs entre m\u00faltiples VPCs.<br \/>\nMejor\u00e9 eficiencia operativa 25% mediante automatizaci\u00f3n de procesos.<br \/>\n<strong>Tecnolog\u00edas<\/strong>: Fortinet, Ubiquiti Unifi, pfSense, Switches Cisco, Jira, Google Workspace, AWS, GCP.<\/p>\n<h1><\/h1>\n<p><strong>EANA S.E. (<\/strong><em>Gobierno<\/em><strong>)<br \/>\nBuenos Aires, Argentina<br \/>\n<\/strong><strong>Analista Sr. de Infraestructura &#8211; <\/strong>07.2020 \u2013 07.2021<\/p>\n<p><strong>Tareas<\/strong>: Gestione las plataformas corporativas y el middleware de la organizaci\u00f3n, juntamente con la seguridad perimetral.<br \/>\n<strong>Logros<\/strong>: Migr\u00e9 la plataforma de e-learning Moodle sin interrupciones de servicio. Actualic\u00e9 el CMS institucional Drupal mejorando su performance en un 25%. Implement\u00e9 pfSense con HAProxy optimizando la seguridad perimetral. Migr\u00e9 el sistema de tickets a una nueva infraestructura cloud. Mejor\u00e9 eficiencia operativa 20% mediante automatizaci\u00f3n de procesos.<br \/>\n<strong>Tecnolog\u00edas<\/strong>: Fortinet, Ubiquiti Unifi, pfSense, Switches Cisco, VMWare ESXi, GLPI, Moodle, Drupal.<\/p>\n<h1><\/h1>\n<p><strong>AvanzIT (<\/strong><em>Consultora de rrhh y software factory<\/em><strong>)<br \/>\nBuenos Aires, Argentina<br \/>\n<\/strong><strong>Analista RedHat &#8211; <\/strong>11.2019 \u2013 07.2020<\/p>\n<p><strong>Tareas<\/strong>: Especialista en plataformas RedHat y OpenStack para implementaci\u00f3n de infraestructura 5G e IoT Cloud en su cliente Claro AMX Argentina.<br \/>\n<strong>Logros<\/strong>: Co-implement\u00e9 OpenStack Platform 13 con DPDK para testing de tecnolog\u00eda Nokia 5G. Gestion\u00e9 monitoreo de plataformas OSP10 y OSP13 en ambientes productivos. Facilit\u00e9 engagement t\u00e9cnico entre Claro AMX y el soporte oficial de RedHat.<br \/>\n<strong>Tecnolog\u00edas<\/strong>: RedHat Linux Enterprise.<\/p>\n<h1><\/h1>\n<p><strong>ABC Consulting \/ Prokarma Argentina (<\/strong><em>consultora de rrhh y software factory<\/em><strong>)<br \/>\nBuenos Aires, Argentina<br \/>\n<\/strong><strong>Administrador Sr. de Microsoft Windows &#8211; <\/strong>10.2015 \u2013 04.2016<\/p>\n<p><strong>Tareas<\/strong>: Administraci\u00f3n de plataforma Microsoft para su cliente Cooper Tires, gesti\u00f3n SCCM y cloud datacenter AWS.<br \/>\n<strong>Logros<\/strong>: Administr\u00e9 Microsoft System Center Configuration Manager. Desarroll\u00e9 packaging de software automatizado. Migr\u00e9 sistemas legacy Microsoft a configuraciones modernas.<br \/>\n<strong>Tecnolog\u00edas<\/strong>: Windows Server, AWS, SCCM.<\/p>\n<h1><\/h1>\n<p><strong>ICAP Argentina Capital Market (<\/strong><em>operador de bonos argentinos<\/em><strong>)<br \/>\nBuenos Aires, Argentina<br \/>\n<\/strong><strong>Consultor IT &#8211; <\/strong>04.2014 \u2013 04.2015<\/p>\n<p><strong>Tareas<\/strong>: Asesoramiento externo en sistemas de informaci\u00f3n y coordinaci\u00f3n de proyectos de virtualizaci\u00f3n para operador de bonos argentinos.<br \/>\n<strong>Logros<\/strong>: Virtualic\u00e9 los servicios cr\u00edticos aumentando su disponibilidad un 40%. Migr\u00e9 el firewall corporativo mejorando la administraci\u00f3n y uso de recursos internet.<br \/>\n<strong>Tecnolog\u00edas<\/strong>: pfSense, IP-Cop, VMWare ESXi.<\/p>\n<h1><\/h1>\n<p><strong>IT Resources S.A. (<\/strong><em>consultora de rrhh y software factory<\/em><strong>)<br \/>\nBuenos Aires, Argentina<br \/>\n<\/strong><strong>Jefe de Infraestructura IT &#8211; <\/strong>02.2004 \u2013 01.2015<\/p>\n<p><strong>Equipo a cargo:<\/strong> 2 personas<br \/>\n<strong>Tareas<\/strong>: Gesti\u00f3n integral de infraestructura Microsoft y Linux, networking y telefon\u00eda para m\u00e1s de 150 usuarios de la compa\u00f1\u00eda.<br \/>\n<strong>Logros<\/strong>: Reorganic\u00e9 el centro de c\u00f3mputos: de 3 servidores f\u00edsicos a 10 hipervisores con 50 VMs. Implement\u00e9 un firewall multi-ISP con balanceado y priorizaci\u00f3n de tr\u00e1fico. Dise\u00f1\u00e9 pol\u00edticas de backup y almacenamiento reduciendo RTO en un 80%. Deplor\u00e9 m\u00faltiples el sitio corporativo y aplicaciones internas.<br \/>\n<strong>Tecnolog\u00edas<\/strong>: m0n0wall, pfSense, Windows Server, Linux, VMWare ESXi, Hyper-V, Cisco Pix, OSTicket.<\/p>\n<h1><strong>\u00a0<\/strong><\/h1>\n<p><strong>Direcci\u00f3n de Administraci\u00f3n de Tecnolog\u00edas (<\/strong><em>Gobierno<\/em><strong>)<br \/>\nBuenos Aires, Argentina<br \/>\n<\/strong><strong>Coordinador Plataformas Microsoft &#8211; <\/strong>02.2012 \u2013 07.2013<br \/>\n<strong>Equipo a cargo:<\/strong> 5 personas<\/p>\n<p><strong>Tareas<\/strong>: Punto focal para Microsoft Premier Support, Soporte del proyecto de Firma Digital PKI. Responsabilidad t\u00e9cnica para Concursar.Gob.Ar, y participaci\u00f3n en licitaciones de bienes de capital.<br \/>\n<strong>Logros<\/strong>: Reorganic\u00e9 el centro de c\u00f3mputos: de 3 servidores f\u00edsicos a 10 hipervisores con 50 VMs. Implement\u00e9 un firewall multi-ISP con balanceado y priorizaci\u00f3n de tr\u00e1fico. Dise\u00f1\u00e9 pol\u00edticas de backup y almacenamiento reduciendo RTO en un 80%. Deplor\u00e9 m\u00faltiples el sitio corporativo y aplicaciones internas.<br \/>\n<strong>Tecnolog\u00edas<\/strong>: Windows Server, Linux, Hyper-V, MS Exchange, MS SCVVM, MS TMG.<\/p>\n<h1><strong>\u00a0<\/strong><\/h1>\n<p><strong>Codes S.A. (<\/strong><em>consultora de rrhh y software factory<\/em><strong>)<br \/>\nBuenos Aires, Argentina<br \/>\n<\/strong><strong>L\u00edder de Infraestructura IT &#8211; <\/strong>05.2008 \u2013 04.2009<br \/>\n<strong>Equipo a cargo:<\/strong> 2 personas<\/p>\n<p><strong>Tareas<\/strong>: Gesti\u00f3n de infraestructuras Microsoft y Linux, networking y firewall para 14 servidores incluyendo SharePoint y Team Foundation Services.<br \/>\n<strong>Logros<\/strong>: Virtualic\u00e9 todos los servidores de desarrollo, testing y producci\u00f3n con VMware ESXi. Implement\u00e9 la VPN corporativa y conexiones Wifi punto-a-punto. Migr\u00e9 la central telef\u00f3nica IP (Asterisk) reduciendo costos llamadas 30%.<br \/>\n<strong>Tecnolog\u00edas<\/strong>: Windows Server, pfSense, Linux, Asterisk, Grandstream.<\/p>\n<h1><strong>\u00a0<\/strong><\/h1>\n<p><strong>Minera Sierra Grande S.A. (<\/strong><em>empresa minera<\/em><strong>)<br \/>\nRio Negro, Argentina<br \/>\n<\/strong><strong>Jefe de Infraestructura IT y Compras &#8211; <\/strong>02.2006 \u2013 02.2007<br \/>\n<strong>Equipo a cargo:<\/strong> 5 personas<\/p>\n<p><strong>Tareas<\/strong>: Responsabilidad dual: infraestructura tecnol\u00f3gica completa y gesti\u00f3n del departamento de compras corporativas.<br \/>\n<strong>Logros<\/strong>: Cre\u00e9 el NOC corporativo con enlaces wireless de m\u00e1s de 30km. Implement\u00e9 telefon\u00eda IP con protocolo SIP. Cambi\u00e9 el proveedor internet de un servicio satelital con 512kbps\/1200ms a un frame relay de 1Mb sim\u00e9trico. Reduje costos adquisici\u00f3n bienes de capital mediante optimizaci\u00f3n de proveedores.<br \/>\n<strong>Tecnolog\u00edas<\/strong>: m0n0wall, Windows Server, Servidores Dell, Switches Cisco, Micronet.<\/p>\n<h1><strong>\u00a0<\/strong><\/h1>\n<p><strong>Interway (<\/strong><em>Proveedor\/ISP via Dial-Up<\/em><strong>)<br \/>\nBuenos Aires, Argentina<br \/>\n<\/strong><strong>Jefe de Infraestructura IT y Compras &#8211; <\/strong>06.2001 \u2013 12.2001<\/p>\n<p><strong>Tareas<\/strong>: Desarrolle la soluci\u00f3n t\u00e9cnica para ofrecer internet por par de cobre, y soluciones de hosting para contenido exclusivo de sus clientes para acceso gratis a internet por discado telef\u00f3nico.<br \/>\n<strong>Logros<\/strong>: Implemente el NOC y los servidores que permitieron el funcionamiento de los sitios web de la empresa. Puse en marcha los equipos que aceptaban la llamada telef\u00f3nica e indicaban los par\u00e1metros de navegaci\u00f3n a los clientes telef\u00f3nicos.<br \/>\n<strong>Tecnolog\u00edas<\/strong>: Kerio WinRoute, Windows Server, Servidores Dell.<\/p>\n<h1><strong>\u00a0<\/strong><\/h1>\n<p><strong>TyC Digital S.A. (<\/strong><em>empresa miembro de TyC Sports<\/em><strong>)<br \/>\nBuenos Aires, Argentina<br \/>\n<\/strong><strong>Jefe de Infraestructura IT &#8211; <\/strong>09.2000 \u2013 06.2001<\/p>\n<p><strong>Tareas<\/strong>: Contacto con proveedores, soporte a usuarios, tome decisiones en \u00e1reas de tecnolog\u00eda y compra de recursos inform\u00e1ticos, migre el de hosting el sitio web oficial (tyc.com.ar), supervise el cambio de tecnolog\u00edas para la web corporativa, supervise t\u00e9cnicamente el desarrollo de sitios web (elgrafico.com.ar, futboldeprimera.com.ar, laredonline.com y sobregolf.com), implemente el firewall para la seguridad de la red interna.<br \/>\n<strong>Logros<\/strong>: Implemente el Centro de C\u00f3mputos y los servidores que permitieron el funcionamiento de los sitios web de la empresa. Realice la primera transmisi\u00f3n de radio AM v\u00eda internet streaming (AM 910).<br \/>\n<strong>Tecnolog\u00edas<\/strong>: Kerio WinRoute, Windows Server, Servidores Compaq y Sun Solaris.<\/p>\n<h1><strong>\u00a0<\/strong><\/h1>\n<p><strong>Compa\u00f1\u00eda Financiera Argentina (<\/strong><em>Prestamos financieros &#8211; Efectivo Si<\/em><strong>)<br \/>\n<\/strong><strong>Buenos Aires, Argentina<br \/>\n<\/strong><strong>Asistente del Supervisor de Mesa de Ayuda &#8211; <\/strong>03.1999 \u2013 10.2000<\/p>\n<p><strong>Tareas<\/strong>: Soporte Help Desk de segundo nivel, desarrolle tareas como administrador; soporte de microinform\u00e1tica y supervisor de mesa de ayuda. Tuve a cargo la soluci\u00f3n total de los conflictos planteados por los usuarios, tanto en ambientes Microsoft, como en aplicaciones propietarias de la compa\u00f1\u00eda, di soporte de administraci\u00f3n de servidores y recursos de hardware de la compa\u00f1\u00eda.<br \/>\n<strong>Logros<\/strong>: Implemente el sistema de clonado de equipos, reduciendo el tiempo del armado una PC en %80.<br \/>\n<strong>Tecnolog\u00edas<\/strong>: Windows NT, MS Exchange, Norton Ghost.<\/p>\n<h1><strong>\u00a0<\/strong><\/h1>\n<p><strong>S.M.A.R.T S.A. (<\/strong><em><u>Consultora de Sistemas<\/u><\/em><strong>)<br \/>\nBuenos Aires, Argentina<br \/>\n<\/strong><strong>Soporte T\u00e9cnico \u2013 Help Desk &#8211; <\/strong>11.1998 \u2013 01.1999<\/p>\n<p><strong>Tareas<\/strong>: Desarrollando tareas como t\u00e9cnico. Teniendo a cargo la atenci\u00f3n on-site de la cuenta Shell C.A.P.S.A.<br \/>\n<strong>Tecnolog\u00edas<\/strong>: Windows NT, Windows 95.<\/p>\n<h1><strong>\u00a0<\/strong><\/h1>\n<p><strong>Raster NTS S.H. (<\/strong><em>Consultora de Sistemas<\/em><strong>)<br \/>\nBuenos Aires, Argentina<br \/>\n<\/strong><strong>Soporte T\u00e9cnico \u2013 Help Desk \/ Administrador de Red &#8211; <\/strong>02.1998 \u2013 06.1998<\/p>\n<p><strong>Tareas<\/strong>: Desarrollando tareas como Administrador de servidores NT, migraciones de servidores Novell a NT, con acceso compartido a Internet. Tuve a cargo los principales cliente de la firma.<br \/>\n<strong>Tecnolog\u00edas<\/strong>: Windows NT, Windows 95, Novell Netware 4.11<\/p>\n<h1><strong>\u00a0<\/strong><\/h1>\n<p><strong>Data Memory (<\/strong><em>Reseller HPE, HP Inc.<\/em><strong>)<br \/>\n<\/strong><strong>Buenos Aires, Argentina<br \/>\n<\/strong><strong>Soporte T\u00e9cnico \u2013 Help Desk &#8211; <\/strong>05.1996 \u2013 10.1997<\/p>\n<p><strong>Tareas<\/strong>: Desarrolle tareas en principio como vendedor t\u00e9cnico, pasando luego al \u00e1rea t\u00e9cnica, realizando tareas de soporte a usuarios.<br \/>\n<strong>Tecnolog\u00edas<\/strong>: Windows 95, Novell Netware 4.11<\/p>\n<h1><strong>\u00a0<\/strong><\/h1>\n<p><strong>Easy Comp (<\/strong><em>Local de computaci\u00f3n<\/em><strong>)<br \/>\nBuenos Aires, Argentina<br \/>\n<\/strong><strong>Soporte T\u00e9cnico \u2013 Help Desk &#8211; <\/strong>02.1994 \u2013 03.1996<\/p>\n<p><strong>Tareas<\/strong>: Realizando tareas como t\u00e9cnico en armado y desarmado de Pc\u00b4s, reparaciones y diagn\u00f3sticos.<br \/>\n<strong>Tecnolog\u00edas<\/strong>: Windows 95, Windows 3.1\/3.11.<\/p>\n","protected":false},"excerpt":{"rendered":"<p>Administraci\u00f3n Nacional de Aviaci\u00f3n Civil (Gobierno) Buenos Aires, Argentina &#8211; 08.2024 \u2013 07.2025 Director de Sistemas y Comunicaciones Equipo a cargo: 30 personas Tareas: Desarrollo de estrategias tecnol\u00f3gicas, gesti\u00f3n de infraestructura IT, seguridad de la informaci\u00f3n, gesti\u00f3n de proyectos, coordinaci\u00f3n de equipo de 30 personas, evaluaci\u00f3n de tecnolog\u00edas, relaciones con proveedores, administraci\u00f3n de presupuesto y [&hellip;]<\/p>\n","protected":false},"author":1,"featured_media":0,"parent":0,"menu_order":0,"comment_status":"closed","ping_status":"closed","template":"","meta":{"footnotes":""},"class_list":["post-80","page","type-page","status-publish","hentry","entry"],"_links":{"self":[{"href":"https:\/\/ruben.toriel.com.ar\/index.php?rest_route=\/wp\/v2\/pages\/80","targetHints":{"allow":["GET"]}}],"collection":[{"href":"https:\/\/ruben.toriel.com.ar\/index.php?rest_route=\/wp\/v2\/pages"}],"about":[{"href":"https:\/\/ruben.toriel.com.ar\/index.php?rest_route=\/wp\/v2\/types\/page"}],"author":[{"embeddable":true,"href":"https:\/\/ruben.toriel.com.ar\/index.php?rest_route=\/wp\/v2\/users\/1"}],"replies":[{"embeddable":true,"href":"https:\/\/ruben.toriel.com.ar\/index.php?rest_route=%2Fwp%2Fv2%2Fcomments&post=80"}],"version-history":[{"count":21,"href":"https:\/\/ruben.toriel.com.ar\/index.php?rest_route=\/wp\/v2\/pages\/80\/revisions"}],"predecessor-version":[{"id":458,"href":"https:\/\/ruben.toriel.com.ar\/index.php?rest_route=\/wp\/v2\/pages\/80\/revisions\/458"}],"wp:attachment":[{"href":"https:\/\/ruben.toriel.com.ar\/index.php?rest_route=%2Fwp%2Fv2%2Fmedia&parent=80"}],"curies":[{"name":"wp","href":"https:\/\/api.w.org\/{rel}","templated":true}]}}