{"id":86,"date":"2018-08-10T08:52:21","date_gmt":"2018-08-10T11:52:21","guid":{"rendered":"http:\/\/ruben.toriel.com.ar\/?page_id=86"},"modified":"2025-07-23T14:32:45","modified_gmt":"2025-07-23T17:32:45","slug":"conocimientos","status":"publish","type":"page","link":"https:\/\/ruben.toriel.com.ar\/?page_id=86","title":{"rendered":"Conocimientos"},"content":{"rendered":"<p><strong>Sistemas en la Nube<\/strong><br \/>\n<strong>Amazon AWS<\/strong>, tareas como planeamiento, dise\u00f1o, revisi\u00f3n, mantenimiento y creaci\u00f3n de cosas u objetos tales como, redes (VPCs), reglas (security groups), rutas, instancias EC2, bases de datos RDS, Clusters EKS, IAM policies en AWS, grupos y usuarios, en MS Active Directory y en AWS Directory Services, patch management de las EC2 Instances, Firewall rules, VPNs Access, AWS keys (creaci\u00f3n y almacenamiento), Secrets, Parameters y PENs, SE3 Buckets, Backups de Dadabases.<br \/>\n<strong>Google WorkSpace,<\/strong> Cuentas de Correo, Administraci\u00f3n de usuarios y policies.<\/p>\n<p><strong>Sistemas Operativos<\/strong><br \/>\nManejo, administraci\u00f3n y soporte en Windows desde 3.11 hasta la fecha, tanto servidor como estaci\u00f3n de trabajo. Linux Debian\/Ubuntu\/Redhat\/CentOS, (administraci\u00f3n, implementaci\u00f3n y resoluci\u00f3n de problemas).<\/p>\n<p><strong>Bases de Datos<\/strong><br \/>\nMicrosoft SQL Server, MySQL, MariaDB, (administraci\u00f3n, implementaci\u00f3n, backup, restore).<\/p>\n<p><strong>Servidores de Correo Electr\u00f3nico<\/strong><br \/>\nMicrosoft Exchange &#8211; Alt-N MDaemon, Zentyal, Zimbra, (administraci\u00f3n, implementaci\u00f3n y resoluci\u00f3n de problemas).<\/p>\n<p><strong>Servidores de control de SPAM<\/strong><br \/>\nProxmox Mail Gateway, E.F.A. Project.<\/p>\n<p><strong>Virtualizaci\u00f3n de Hardware y Aplicaciones<\/strong><br \/>\nMicrosoft HyperV &#8211; VMware ESXi &#8211; Workstation en diferentes versiones, ProxMox, (administraci\u00f3n, implementaci\u00f3n y resoluci\u00f3n de problemas).<\/p>\n<p><strong>Firewalls<\/strong><br \/>\nMicrosoft Proxy 1 y 2 &#8211; Microsoft ISA Server, Microsoft ForeFront Threat Management, pfSense, m0n0nall, OPNsense, SmoothWall, Zentyal, diferentes UTMs, (administraci\u00f3n, implementaci\u00f3n y resoluci\u00f3n de problemas).<\/p>\n<p><strong>Redes \/ Switching<\/strong><br \/>\nArmado de redes CAT5\/CAT6, Administracion de Switches Cisco Small Business, Ubiquiti, Linksys, TP-Link, generaci\u00f3n y administraci\u00f3n de VLANs.<\/p>\n<p><strong>Telefon\u00eda IP<\/strong><br \/>\nElastix \/ Issabel \/ Asterisk (adicionalmente del Hardware relacionado a la plataforma), Microsoft Lync Server 2010, 3CX para Windows, Grandstream, (administraci\u00f3n, implementaci\u00f3n y resoluci\u00f3n de problemas).<\/p>\n<p><strong>IP TV Streaming<\/strong><br \/>\nEmby Sever, SRS como RTMP Server para streaming, Teradek.<\/p>\n<p><strong>Cloud Storage\u00a0<\/strong><br \/>\nNextcloud, QNap, Owncloud.<\/p>\n<p><strong>Soluciones de BackUp\u00a0<\/strong><br \/>\nVeritas BackUp, Veeam BackUp, Altaro VM BackUp.<\/p>\n<p><strong>Gestion y monitoreo<br \/>\n<\/strong>PRTG, Zabbix, Servicenow, Jira, Snipe IT, OSTicket, Jira.<\/p>\n<p><strong>DevOps y Metodolog\u00edas<\/strong><br \/>\nITIL v4, Scrum, Agile, ITSM.<\/p>\n<p><strong>Fundamentos Globales<\/strong><br \/>\nPuesta en Marcha y Administraci\u00f3n.<br \/>\nCoordinaci\u00f3n de proyectos.<br \/>\nInfraestructura y arquitectura de redes.<br \/>\nInfraestructura arquitectura de servidores y estaciones de trabajo.<br \/>\nAlta disponibilidad de servicios.<\/p>\n<p><strong>Plataformas de e-learning<\/strong><br \/>\nMoodle.<\/p>\n<p><strong>Administradores de contenido<\/strong><br \/>\nDrupal, WordPress.<\/p>\n<p><strong>Otros<\/strong><br \/>\nSistemas de nombre de dominio (DNS).<br \/>\nServicios de IP din\u00e1mica (DHCP).<br \/>\nServicios de Nombre de Windows (Wins).<br \/>\nReglas de Firewalling.<br \/>\nReglas de Routing.<br \/>\nConfiguraci\u00f3n de Proxy Cache.<br \/>\nConfiguraci\u00f3n de Reverse Proxy.<br \/>\nSistemas de intrusion prevention and detection system (IDS\/IPS).<br \/>\nSistemas de Domain Name blocking via Unbound DNS (DNSBL).<\/p>\n","protected":false},"excerpt":{"rendered":"<p>Sistemas en la Nube Amazon AWS, tareas como planeamiento, dise\u00f1o, revisi\u00f3n, mantenimiento y creaci\u00f3n de cosas u objetos tales como, redes (VPCs), reglas (security groups), rutas, instancias EC2, bases de datos RDS, Clusters EKS, IAM policies en AWS, grupos y usuarios, en MS Active Directory y en AWS Directory Services, patch management de las EC2 [&hellip;]<\/p>\n","protected":false},"author":1,"featured_media":0,"parent":0,"menu_order":0,"comment_status":"closed","ping_status":"closed","template":"","meta":{"footnotes":""},"class_list":["post-86","page","type-page","status-publish","hentry","entry"],"_links":{"self":[{"href":"https:\/\/ruben.toriel.com.ar\/index.php?rest_route=\/wp\/v2\/pages\/86","targetHints":{"allow":["GET"]}}],"collection":[{"href":"https:\/\/ruben.toriel.com.ar\/index.php?rest_route=\/wp\/v2\/pages"}],"about":[{"href":"https:\/\/ruben.toriel.com.ar\/index.php?rest_route=\/wp\/v2\/types\/page"}],"author":[{"embeddable":true,"href":"https:\/\/ruben.toriel.com.ar\/index.php?rest_route=\/wp\/v2\/users\/1"}],"replies":[{"embeddable":true,"href":"https:\/\/ruben.toriel.com.ar\/index.php?rest_route=%2Fwp%2Fv2%2Fcomments&post=86"}],"version-history":[{"count":23,"href":"https:\/\/ruben.toriel.com.ar\/index.php?rest_route=\/wp\/v2\/pages\/86\/revisions"}],"predecessor-version":[{"id":471,"href":"https:\/\/ruben.toriel.com.ar\/index.php?rest_route=\/wp\/v2\/pages\/86\/revisions\/471"}],"wp:attachment":[{"href":"https:\/\/ruben.toriel.com.ar\/index.php?rest_route=%2Fwp%2Fv2%2Fmedia&parent=86"}],"curies":[{"name":"wp","href":"https:\/\/api.w.org\/{rel}","templated":true}]}}